{"id":2781,"date":"2024-10-24T04:41:21","date_gmt":"2024-10-24T04:41:21","guid":{"rendered":"https:\/\/dubai18k.com\/?post_type=product&#038;p=2781"},"modified":"2024-11-06T12:37:57","modified_gmt":"2024-11-06T12:37:57","slug":"pulsera-love-tamano-pequeno-10-diamantes-oro-amarillo-diamantes-cartier","status":"publish","type":"product","link":"https:\/\/dubai18k.com\/francais\/produit\/pulsera-love-tamano-pequeno-10-diamantes-oro-amarillo-diamantes-cartier\/","title":{"rendered":"Pulsation Love, petite taille, 10 diamants | Or amarillo, diamants | Cartier"},"content":{"rendered":"<p>Bracelet d'amour, petit mod\u00e8le, en or jaune 750\/1000, serti de 10 diamants taille brillant totalisant 0,21 carats. Tournevis inclus. Largeur : 3,65 mm (pour la taille 17). Cartier poursuit l'histoire du bracelet Love avec une version plus fine. M\u00eame design, m\u00eame forme ovale et m\u00eame histoire, mais dans une version plus fine : une cr\u00e9ation intemporelle qui se ferme \u00e0 l'aide d'un tournevis. Le syst\u00e8me de fermeture se compose d'une vis fonctionnelle d'un c\u00f4t\u00e9 du bracelet et d'une charni\u00e8re de l'autre. Pour d\u00e9terminer la taille de votre bracelet Love, mesurez votre poignet et ajoutez un centim\u00e8tre \u00e0 votre taille pour un ajustement serr\u00e9 ou deux centim\u00e8tres pour un ajustement plus l\u00e2che.<\/p>","protected":false},"excerpt":{"rendered":"<p>Love bracelet, small size, 750\/1000 yellow gold, set with 10 brilliant-cut diamonds totaling 0.21 carats. Includes the screwdriver. Width: 3.65mm (for size 17). Cartier continues the story of the Love bracelet with a thinner version. Same design, same oval shape and same story, but in a slimmer version: a timeless creation that closes with the [&hellip;]<\/p>","protected":false},"featured_media":2788,"comment_status":"open","ping_status":"closed","template":"","meta":{"_uag_custom_page_level_css":"","site-sidebar-layout":"default","site-content-layout":"","ast-site-content-layout":"default","site-content-style":"default","site-sidebar-style":"default","ast-global-header-display":"","ast-banner-title-visibility":"","ast-main-header-display":"","ast-hfb-above-header-display":"","ast-hfb-below-header-display":"","ast-hfb-mobile-header-display":"","site-post-title":"","ast-breadcrumbs-content":"","ast-featured-img":"","footer-sml-layout":"","theme-transparent-header-meta":"default","adv-header-id-meta":"","stick-header-meta":"","header-above-stick-meta":"","header-main-stick-meta":"","header-below-stick-meta":"","astra-migrate-meta-layouts":"set","ast-page-background-enabled":"default","ast-page-background-meta":{"desktop":{"background-color":"","background-image":"","background-repeat":"repeat","background-position":"center center","background-size":"auto","background-attachment":"scroll","background-type":"","background-media":"","overlay-type":"","overlay-color":"","overlay-opacity":"","overlay-gradient":""},"tablet":{"background-color":"","background-image":"","background-repeat":"repeat","background-position":"center center","background-size":"auto","background-attachment":"scroll","background-type":"","background-media":"","overlay-type":"","overlay-color":"","overlay-opacity":"","overlay-gradient":""},"mobile":{"background-color":"","background-image":"","background-repeat":"repeat","background-position":"center center","background-size":"auto","background-attachment":"scroll","background-type":"","background-media":"","overlay-type":"","overlay-color":"","overlay-opacity":"","overlay-gradient":""}},"ast-content-background-meta":{"desktop":{"background-color":"var(--ast-global-color-5)","background-image":"","background-repeat":"repeat","background-position":"center center","background-size":"auto","background-attachment":"scroll","background-type":"","background-media":"","overlay-type":"","overlay-color":"","overlay-opacity":"","overlay-gradient":""},"tablet":{"background-color":"var(--ast-global-color-5)","background-image":"","background-repeat":"repeat","background-position":"center center","background-size":"auto","background-attachment":"scroll","background-type":"","background-media":"","overlay-type":"","overlay-color":"","overlay-opacity":"","overlay-gradient":""},"mobile":{"background-color":"var(--ast-global-color-5)","background-image":"","background-repeat":"repeat","background-position":"center center","background-size":"auto","background-attachment":"scroll","background-type":"","background-media":"","overlay-type":"","overlay-color":"","overlay-opacity":"","overlay-gradient":""}}},"product_cat":[37,41,42],"product_tag":[],"class_list":{"0":"post-2781","1":"product","2":"type-product","3":"status-publish","4":"has-post-thumbnail","6":"product_cat-all-accessories","7":"product_cat-cartier","8":"product_cat-pulseras-cartier","9":"desktop-align-left","10":"tablet-align-left","11":"mobile-align-left","13":"first","14":"instock","15":"sale","16":"shipping-taxable","17":"purchasable","18":"product-type-variable"},"aioseo_notices":[],"uagb_featured_image_src":{"full":["https:\/\/dubai18k.com\/wp-content\/uploads\/2024\/10\/2116870.png.scale_.600.high_.pulsera-love-tamano-pequeno-10-diamantes-oro-amarillo.avif",600,600,false],"thumbnail":["https:\/\/dubai18k.com\/wp-content\/uploads\/2024\/10\/2116870.png.scale_.600.high_.pulsera-love-tamano-pequeno-10-diamantes-oro-amarillo-150x150.avif",150,150,true],"medium":["https:\/\/dubai18k.com\/wp-content\/uploads\/2024\/10\/2116870.png.scale_.600.high_.pulsera-love-tamano-pequeno-10-diamantes-oro-amarillo-300x300.avif",300,300,true],"medium_large":["https:\/\/dubai18k.com\/wp-content\/uploads\/2024\/10\/2116870.png.scale_.600.high_.pulsera-love-tamano-pequeno-10-diamantes-oro-amarillo.avif",600,600,false],"large":["https:\/\/dubai18k.com\/wp-content\/uploads\/2024\/10\/2116870.png.scale_.600.high_.pulsera-love-tamano-pequeno-10-diamantes-oro-amarillo.avif",600,600,false],"1536x1536":["https:\/\/dubai18k.com\/wp-content\/uploads\/2024\/10\/2116870.png.scale_.600.high_.pulsera-love-tamano-pequeno-10-diamantes-oro-amarillo.avif",600,600,false],"2048x2048":["https:\/\/dubai18k.com\/wp-content\/uploads\/2024\/10\/2116870.png.scale_.600.high_.pulsera-love-tamano-pequeno-10-diamantes-oro-amarillo.avif",600,600,false],"trp-custom-language-flag":["https:\/\/dubai18k.com\/wp-content\/uploads\/2024\/10\/2116870.png.scale_.600.high_.pulsera-love-tamano-pequeno-10-diamantes-oro-amarillo.avif",12,12,false],"woocommerce_thumbnail":["https:\/\/dubai18k.com\/wp-content\/uploads\/2024\/10\/2116870.png.scale_.600.high_.pulsera-love-tamano-pequeno-10-diamantes-oro-amarillo-300x300.avif",300,300,true],"woocommerce_single":["https:\/\/dubai18k.com\/wp-content\/uploads\/2024\/10\/2116870.png.scale_.600.high_.pulsera-love-tamano-pequeno-10-diamantes-oro-amarillo.avif",600,600,false],"woocommerce_gallery_thumbnail":["https:\/\/dubai18k.com\/wp-content\/uploads\/2024\/10\/2116870.png.scale_.600.high_.pulsera-love-tamano-pequeno-10-diamantes-oro-amarillo-100x100.avif",100,100,true]},"uagb_author_info":{"display_name":"sergioasbeca@icloud.com","author_link":"https:\/\/dubai18k.com\/francais\/author\/"},"uagb_comment_info":0,"uagb_excerpt":"Love bracelet, small size, 750\/1000 yellow gold, set with 10 brilliant-cut diamonds totaling 0.21 carats. Includes the screwdriver. Width: 3.65mm (for size 17). Cartier continues the story of the Love bracelet with a thinner version. Same design, same oval shape and same story, but in a slimmer version: a timeless creation that closes with the\u2026","_links":{"self":[{"href":"https:\/\/dubai18k.com\/francais\/wp-json\/wp\/v2\/product\/2781"}],"collection":[{"href":"https:\/\/dubai18k.com\/francais\/wp-json\/wp\/v2\/product"}],"about":[{"href":"https:\/\/dubai18k.com\/francais\/wp-json\/wp\/v2\/types\/product"}],"replies":[{"embeddable":true,"href":"https:\/\/dubai18k.com\/francais\/wp-json\/wp\/v2\/comments?post=2781"}],"wp:featuredmedia":[{"embeddable":true,"href":"https:\/\/dubai18k.com\/francais\/wp-json\/wp\/v2\/media\/2788"}],"wp:attachment":[{"href":"https:\/\/dubai18k.com\/francais\/wp-json\/wp\/v2\/media?parent=2781"}],"wp:term":[{"taxonomy":"product_cat","embeddable":true,"href":"https:\/\/dubai18k.com\/francais\/wp-json\/wp\/v2\/product_cat?post=2781"},{"taxonomy":"product_tag","embeddable":true,"href":"https:\/\/dubai18k.com\/francais\/wp-json\/wp\/v2\/product_tag?post=2781"}],"curies":[{"name":"wp","href":"https:\/\/api.w.org\/{rel}","templated":true}]}}