{"id":119,"date":"2024-10-14T02:05:51","date_gmt":"2024-10-14T02:05:51","guid":{"rendered":"https:\/\/dubai18k.com\/about-us\/"},"modified":"2024-10-25T14:45:44","modified_gmt":"2024-10-25T14:45:44","slug":"about-us","status":"publish","type":"page","link":"https:\/\/dubai18k.com\/francais\/about-us\/","title":{"rendered":"About Us"},"content":{"rendered":"<div class=\"wp-block-uagb-container uagb-block-c83c7f3f alignfull uagb-is-root-container\"><div class=\"uagb-container-inner-blocks-wrap\"><div class=\"wp-block-uagb-advanced-heading uagb-block-7ce29fef\"><h1 class=\"uagb-heading-text\">Collection<\/h1><\/div><\/div><\/div><p><\/p><div class=\"wp-block-uagb-container uagb-block-10abb869 alignfull uagb-is-root-container\"><div class=\"uagb-container-inner-blocks-wrap\"><div class=\"wp-block-uagb-container uagb-block-074baf79\"><div class=\"wp-block-uagb-container uagb-block-6750e81a\"><div class=\"wp-block-uagb-info-box uagb-block-074f1268 uagb-infobox__content-wrap  uagb-infobox-icon-above-title uagb-infobox-image-valign-top\"><div class=\"uagb-ifb-content\"><div class=\"uagb-ifb-image-content\"><img decoding=\"async\" src=\"https:\/\/dubai18k.com\/wp-content\/uploads\/2024\/10\/Diseno-sin-titulo-70.png\" alt=\"\" width=\"80\" height=\"80\" loading=\"lazy\"\/><\/div><div class=\"uagb-ifb-title-wrap\"><h3 class=\"uagb-ifb-title\"><a href=\"https:\/\/dubai18k.com\/francais\/categorie-produit\/mas-vendidos\/\" title=\"M\u00e1s Vendidos\">M\u00e1s Vendidos<\/a><\/h3><\/div><p class=\"uagb-ifb-desc\"><a href=\"https:\/\/dubai18k.com\/francais\/categorie-produit\/mas-vendidos\/\" title=\"\">VOIR LES PLUS VENDUS<\/a><\/p><div class=\"uagb-ifb-separator\"><\/div><\/div><\/div><\/div>\n\n<div class=\"wp-block-uagb-container uagb-block-357da82c\"><div class=\"wp-block-uagb-info-box uagb-block-cf2b548c uagb-infobox__content-wrap  uagb-infobox-icon-above-title uagb-infobox-image-valign-top\"><div class=\"uagb-ifb-content\"><div class=\"uagb-ifb-image-content\"><img decoding=\"async\" src=\"https:\/\/dubai18k.com\/wp-content\/uploads\/2024\/10\/Diseno-sin-titulo-69.png\" alt=\"\" width=\"80\" height=\"80\" loading=\"lazy\"\/><\/div><div class=\"uagb-ifb-title-wrap\"><h3 class=\"uagb-ifb-title\"><a href=\"https:\/\/dubai18k.com\/francais\/categorie-produit\/bracelets-van-cleef\/\" title=\"Brazaletes | Van Cleef\">Brazaletes | Van Cleef<\/a><\/h3><\/div><p class=\"uagb-ifb-desc\"><a href=\"https:\/\/dubai18k.com\/francais\/categorie-produit\/bracelets-van-cleef\/\" title=\"\">VER BRAZALETES<\/a><\/p><div class=\"uagb-ifb-separator\"><\/div><\/div><\/div><\/div>\n\n<div class=\"wp-block-uagb-container uagb-block-71244af3\"><div class=\"wp-block-uagb-info-box uagb-block-dee4716d uagb-infobox__content-wrap  uagb-infobox-icon-above-title uagb-infobox-image-valign-top\"><div class=\"uagb-ifb-content\"><div class=\"uagb-ifb-image-content\"><img decoding=\"async\" src=\"https:\/\/dubai18k.com\/wp-content\/uploads\/2024\/10\/Diseno-sin-titulo-68.png\" alt=\"\" width=\"80\" height=\"80\" loading=\"lazy\"\/><\/div><div class=\"uagb-ifb-title-wrap\"><h3 class=\"uagb-ifb-title\"><a href=\"https:\/\/dubai18k.com\/francais\/categorie-produit\/pulseras-cartier\/\" title=\"\">Brazaletes | Cartier<\/a><\/h3><\/div><p class=\"uagb-ifb-desc\"><a href=\"https:\/\/dubai18k.com\/francais\/categorie-produit\/pulseras-cartier\/\" title=\"VER BRAZALETES\">VER BRAZALETES<\/a><\/p><div class=\"uagb-ifb-separator\"><\/div><\/div><\/div><\/div><\/div>\n\n<div class=\"wp-block-uagb-container uagb-block-3b4b88e6\"><div class=\"wp-block-uagb-container uagb-block-b14adea3\"><div class=\"wp-block-uagb-info-box uagb-block-589de895 uagb-infobox__content-wrap  uagb-infobox-icon-above-title uagb-infobox-image-valign-top\"><div class=\"uagb-ifb-content\"><div class=\"uagb-ifb-image-content\"><img decoding=\"async\" src=\"https:\/\/dubai18k.com\/wp-content\/uploads\/2024\/10\/Diseno-sin-titulo-71.png\" alt=\"\" width=\"80\" height=\"80\" loading=\"lazy\"\/><\/div><div class=\"uagb-ifb-title-wrap\"><h3 class=\"uagb-ifb-title\"><a href=\"https:\/\/dubai18k.com\/francais\/categorie-produit\/necklaces-van-cleef\/\" title=\"Collares | Van Cleef\">Collares | Van Cleef<\/a><\/h3><\/div><p class=\"uagb-ifb-desc\"><a href=\"https:\/\/dubai18k.com\/francais\/categorie-produit\/necklaces-van-cleef\/\" title=\"VER COLLARES\">VER COLLARES<\/a><\/p><div class=\"uagb-ifb-separator\"><\/div><\/div><\/div><\/div>\n\n<div class=\"wp-block-uagb-container uagb-block-0b84c1b3\"><div class=\"wp-block-uagb-info-box uagb-block-8323a94d uagb-infobox__content-wrap  uagb-infobox-icon-above-title uagb-infobox-image-valign-top\"><div class=\"uagb-ifb-content\"><div class=\"uagb-ifb-image-content\"><img decoding=\"async\" src=\"https:\/\/dubai18k.com\/wp-content\/uploads\/2024\/10\/Diseno-sin-titulo-72.png\" alt=\"\" width=\"80\" height=\"80\" loading=\"lazy\"\/><\/div><div class=\"uagb-ifb-title-wrap\"><h3 class=\"uagb-ifb-title\"><a href=\"https:\/\/dubai18k.com\/francais\/categorie-produit\/rings-van-cleef\/\" title=\"Anillos | Van Cleef\">Anillos | Van Cleef<\/a><\/h3><\/div><p class=\"uagb-ifb-desc\"><a href=\"https:\/\/dubai18k.com\/francais\/categorie-produit\/rings-van-cleef\/\" title=\"VER ANILLOS\">VER ANILLOS<\/a><\/p><div class=\"uagb-ifb-separator\"><\/div><\/div><\/div><\/div>\n\n<div class=\"wp-block-uagb-container uagb-block-82067e0b\"><div class=\"wp-block-uagb-info-box uagb-block-990eefde uagb-infobox__content-wrap  uagb-infobox-icon-above-title uagb-infobox-image-valign-top\"><div class=\"uagb-ifb-content\"><div class=\"uagb-ifb-image-content\"><img decoding=\"async\" src=\"https:\/\/dubai18k.com\/wp-content\/uploads\/2024\/10\/Diseno-sin-titulo-73.png\" alt=\"\" width=\"80\" height=\"80\" loading=\"lazy\"\/><\/div><div class=\"uagb-ifb-title-wrap\"><h3 class=\"uagb-ifb-title\"><a href=\"https:\/\/dubai18k.com\/francais\/categorie-produit\/earrings-van-cleef\/\" title=\"Pendientes | Van Cleef\">Pendientes | Van Cleef<\/a><\/h3><\/div><p class=\"uagb-ifb-desc\"><a href=\"https:\/\/dubai18k.com\/francais\/categorie-produit\/earrings-van-cleef\/\" title=\"VER PENDIENTES\">VER PENDIENTES<\/a><\/p><div class=\"uagb-ifb-separator\"><\/div><\/div><\/div><\/div><\/div><\/div><\/div><div class=\"wp-block-uagb-container uagb-layout-grid uagb-block-f9b6823f alignfull uagb-is-root-container\"><div class=\"uagb-container-inner-blocks-wrap\"><div class=\"wp-block-uagb-advanced-heading uagb-block-f14391ff\"><h3 class=\"uagb-heading-text\">Exp\u00e9rimenter l'art de la toilette fine<\/h3><\/div>\n\n<div class=\"wp-block-uagb-info-box uagb-block-56808190 uagb-infobox__content-wrap  uagb-infobox-icon-above-title uagb-infobox-image-valign-top wp-block-uagb-info-box--has-margin\"><div class=\"uagb-infobox-margin-wrapper\"><div class=\"uagb-ifb-content\"><div class=\"uagb-ifb-title-wrap\"><\/div><p class=\"uagb-ifb-desc\">En <strong>Duba\u00ef 18k<\/strong>Nous pensons que chaque personne a le droit de porter des jouets d'un style exceptionnel. Am\u00e9liorez votre \u00e9l\u00e9gance quotidienne avec des pi\u00e8ces qui capturent la sophistication et l'\u00e9l\u00e9gance, sans avoir \u00e0 surpasser vos attentes.<\/p><div class=\"uagb-ifb-button-wrapper wp-block-button\"><a href=\"#\" class=\"uagb-infobox-cta-link wp-block-button__link\" target=\"_self\" rel=\"noopener noreferrer\" onclick=\"return false;\"><span class=\"uagb-inline-editing\">Lire la suite<\/span><\/a><\/div><\/div><\/div><\/div><\/div><\/div>","protected":false},"excerpt":{"rendered":"<p>Colecciones Experimenta el arte de la joyer\u00eda fina<\/p>","protected":false},"author":1,"featured_media":0,"parent":0,"menu_order":0,"comment_status":"closed","ping_status":"closed","template":"","meta":{"_uag_custom_page_level_css":"","site-sidebar-layout":"default","site-content-layout":"plain-container","ast-site-content-layout":"full-width-container","site-content-style":"unboxed","site-sidebar-style":"unboxed","ast-global-header-display":"","ast-banner-title-visibility":"","ast-main-header-display":"","ast-hfb-above-header-display":"","ast-hfb-below-header-display":"","ast-hfb-mobile-header-display":"","site-post-title":"disabled","ast-breadcrumbs-content":"","ast-featured-img":"disabled","footer-sml-layout":"","theme-transparent-header-meta":"enabled","adv-header-id-meta":"","stick-header-meta":"","header-above-stick-meta":"","header-main-stick-meta":"","header-below-stick-meta":"","astra-migrate-meta-layouts":"set","ast-page-background-enabled":"default","ast-page-background-meta":{"desktop":{"background-color":"","background-image":"","background-repeat":"repeat","background-position":"center center","background-size":"auto","background-attachment":"scroll","background-type":"","background-media":"","overlay-type":"","overlay-color":"","overlay-opacity":"","overlay-gradient":""},"tablet":{"background-color":"","background-image":"","background-repeat":"repeat","background-position":"center center","background-size":"auto","background-attachment":"scroll","background-type":"","background-media":"","overlay-type":"","overlay-color":"","overlay-opacity":"","overlay-gradient":""},"mobile":{"background-color":"","background-image":"","background-repeat":"repeat","background-position":"center center","background-size":"auto","background-attachment":"scroll","background-type":"","background-media":"","overlay-type":"","overlay-color":"","overlay-opacity":"","overlay-gradient":""}},"ast-content-background-meta":{"desktop":{"background-color":"var(--ast-global-color-5)","background-image":"","background-repeat":"repeat","background-position":"center center","background-size":"auto","background-attachment":"scroll","background-type":"","background-media":"","overlay-type":"","overlay-color":"","overlay-opacity":"","overlay-gradient":""},"tablet":{"background-color":"var(--ast-global-color-5)","background-image":"","background-repeat":"repeat","background-position":"center center","background-size":"auto","background-attachment":"scroll","background-type":"","background-media":"","overlay-type":"","overlay-color":"","overlay-opacity":"","overlay-gradient":""},"mobile":{"background-color":"var(--ast-global-color-5)","background-image":"","background-repeat":"repeat","background-position":"center center","background-size":"auto","background-attachment":"scroll","background-type":"","background-media":"","overlay-type":"","overlay-color":"","overlay-opacity":"","overlay-gradient":""}},"footnotes":""},"class_list":["post-119","page","type-page","status-publish","hentry"],"aioseo_notices":[],"uagb_featured_image_src":{"full":false,"thumbnail":false,"medium":false,"medium_large":false,"large":false,"1536x1536":false,"2048x2048":false,"trp-custom-language-flag":false,"woocommerce_thumbnail":false,"woocommerce_single":false,"woocommerce_gallery_thumbnail":false},"uagb_author_info":{"display_name":"sergioasbeca@icloud.com","author_link":"https:\/\/dubai18k.com\/francais\/author\/sergioasbecaicloud-com\/"},"uagb_comment_info":0,"uagb_excerpt":"Colecciones Experimenta el arte de la joyer\u00eda fina","_links":{"self":[{"href":"https:\/\/dubai18k.com\/francais\/wp-json\/wp\/v2\/pages\/119"}],"collection":[{"href":"https:\/\/dubai18k.com\/francais\/wp-json\/wp\/v2\/pages"}],"about":[{"href":"https:\/\/dubai18k.com\/francais\/wp-json\/wp\/v2\/types\/page"}],"author":[{"embeddable":true,"href":"https:\/\/dubai18k.com\/francais\/wp-json\/wp\/v2\/users\/1"}],"replies":[{"embeddable":true,"href":"https:\/\/dubai18k.com\/francais\/wp-json\/wp\/v2\/comments?post=119"}],"version-history":[{"count":12,"href":"https:\/\/dubai18k.com\/francais\/wp-json\/wp\/v2\/pages\/119\/revisions"}],"predecessor-version":[{"id":3250,"href":"https:\/\/dubai18k.com\/francais\/wp-json\/wp\/v2\/pages\/119\/revisions\/3250"}],"wp:attachment":[{"href":"https:\/\/dubai18k.com\/francais\/wp-json\/wp\/v2\/media?parent=119"}],"curies":[{"name":"wp","href":"https:\/\/api.w.org\/{rel}","templated":true}]}}