{"id":2991,"date":"2024-10-24T17:55:35","date_gmt":"2024-10-24T17:55:35","guid":{"rendered":"https:\/\/dubai18k.com\/?post_type=product&#038;p=2991"},"modified":"2024-11-06T12:28:30","modified_gmt":"2024-11-06T12:28:30","slug":"pulsera-juste-un-clou-tamano-pequeno-oro-amarillo-cartier","status":"publish","type":"product","link":"https:\/\/dubai18k.com\/espanol\/producto\/pulsera-juste-un-clou-tamano-pequeno-oro-amarillo-cartier\/","title":{"rendered":"Juste un Clou pulsera de tama\u00f1o peque\u00f1o | oro Amarillo | Cartier"},"content":{"rendered":"<p>Pulsera Juste un Clou, tama\u00f1o peque\u00f1o, oro amarillo 750\/1000. Anchura: 2,5 mm.<\/p>\n<p>Tenga en cuenta que el peso en quilates, el n\u00famero de piedras y las dimensiones del producto pueden variar en funci\u00f3n del tama\u00f1o de la creaci\u00f3n solicitada. P\u00f3ngase en contacto con nosotros para m\u00e1s informaci\u00f3n.<\/p>\n<p><span style=\"font-size: 16px;\">.<\/span><\/p>","protected":false},"excerpt":{"rendered":"<p>Juste un Clou bracelet, small size, 750\/1000 yellow gold. Width: 2.5mm. Please note that the carat weight, number of stones and dimensions of the product may vary depending on the size of the creation ordered.\u00a0Contact us for more information. .<\/p>","protected":false},"featured_media":2999,"comment_status":"open","ping_status":"closed","template":"","meta":{"_uag_custom_page_level_css":"","site-sidebar-layout":"default","site-content-layout":"","ast-site-content-layout":"default","site-content-style":"default","site-sidebar-style":"default","ast-global-header-display":"","ast-banner-title-visibility":"","ast-main-header-display":"","ast-hfb-above-header-display":"","ast-hfb-below-header-display":"","ast-hfb-mobile-header-display":"","site-post-title":"","ast-breadcrumbs-content":"","ast-featured-img":"","footer-sml-layout":"","theme-transparent-header-meta":"default","adv-header-id-meta":"","stick-header-meta":"","header-above-stick-meta":"","header-main-stick-meta":"","header-below-stick-meta":"","astra-migrate-meta-layouts":"set","ast-page-background-enabled":"default","ast-page-background-meta":{"desktop":{"background-color":"","background-image":"","background-repeat":"repeat","background-position":"center center","background-size":"auto","background-attachment":"scroll","background-type":"","background-media":"","overlay-type":"","overlay-color":"","overlay-opacity":"","overlay-gradient":""},"tablet":{"background-color":"","background-image":"","background-repeat":"repeat","background-position":"center center","background-size":"auto","background-attachment":"scroll","background-type":"","background-media":"","overlay-type":"","overlay-color":"","overlay-opacity":"","overlay-gradient":""},"mobile":{"background-color":"","background-image":"","background-repeat":"repeat","background-position":"center center","background-size":"auto","background-attachment":"scroll","background-type":"","background-media":"","overlay-type":"","overlay-color":"","overlay-opacity":"","overlay-gradient":""}},"ast-content-background-meta":{"desktop":{"background-color":"var(--ast-global-color-5)","background-image":"","background-repeat":"repeat","background-position":"center center","background-size":"auto","background-attachment":"scroll","background-type":"","background-media":"","overlay-type":"","overlay-color":"","overlay-opacity":"","overlay-gradient":""},"tablet":{"background-color":"var(--ast-global-color-5)","background-image":"","background-repeat":"repeat","background-position":"center center","background-size":"auto","background-attachment":"scroll","background-type":"","background-media":"","overlay-type":"","overlay-color":"","overlay-opacity":"","overlay-gradient":""},"mobile":{"background-color":"var(--ast-global-color-5)","background-image":"","background-repeat":"repeat","background-position":"center center","background-size":"auto","background-attachment":"scroll","background-type":"","background-media":"","overlay-type":"","overlay-color":"","overlay-opacity":"","overlay-gradient":""}}},"product_cat":[37,41,43,42],"product_tag":[],"class_list":{"0":"post-2991","1":"product","2":"type-product","3":"status-publish","4":"has-post-thumbnail","6":"product_cat-all-accessories","7":"product_cat-cartier","8":"product_cat-mas-vendidos","9":"product_cat-pulseras-cartier","10":"desktop-align-left","11":"tablet-align-left","12":"mobile-align-left","14":"first","15":"instock","16":"sale","17":"shipping-taxable","18":"purchasable","19":"product-type-variable"},"aioseo_notices":[],"uagb_featured_image_src":{"full":["https:\/\/dubai18k.com\/wp-content\/uploads\/2024\/10\/2059323.png.scale_.600.high_.pulsera-juste-un-clou-tamano-pequeno-oro-amarillo.avif",600,600,false],"thumbnail":["https:\/\/dubai18k.com\/wp-content\/uploads\/2024\/10\/2059323.png.scale_.600.high_.pulsera-juste-un-clou-tamano-pequeno-oro-amarillo-150x150.avif",150,150,true],"medium":["https:\/\/dubai18k.com\/wp-content\/uploads\/2024\/10\/2059323.png.scale_.600.high_.pulsera-juste-un-clou-tamano-pequeno-oro-amarillo-300x300.avif",300,300,true],"medium_large":["https:\/\/dubai18k.com\/wp-content\/uploads\/2024\/10\/2059323.png.scale_.600.high_.pulsera-juste-un-clou-tamano-pequeno-oro-amarillo.avif",600,600,false],"large":["https:\/\/dubai18k.com\/wp-content\/uploads\/2024\/10\/2059323.png.scale_.600.high_.pulsera-juste-un-clou-tamano-pequeno-oro-amarillo.avif",600,600,false],"1536x1536":["https:\/\/dubai18k.com\/wp-content\/uploads\/2024\/10\/2059323.png.scale_.600.high_.pulsera-juste-un-clou-tamano-pequeno-oro-amarillo.avif",600,600,false],"2048x2048":["https:\/\/dubai18k.com\/wp-content\/uploads\/2024\/10\/2059323.png.scale_.600.high_.pulsera-juste-un-clou-tamano-pequeno-oro-amarillo.avif",600,600,false],"trp-custom-language-flag":["https:\/\/dubai18k.com\/wp-content\/uploads\/2024\/10\/2059323.png.scale_.600.high_.pulsera-juste-un-clou-tamano-pequeno-oro-amarillo.avif",12,12,false],"woocommerce_thumbnail":["https:\/\/dubai18k.com\/wp-content\/uploads\/2024\/10\/2059323.png.scale_.600.high_.pulsera-juste-un-clou-tamano-pequeno-oro-amarillo-300x300.avif",300,300,true],"woocommerce_single":["https:\/\/dubai18k.com\/wp-content\/uploads\/2024\/10\/2059323.png.scale_.600.high_.pulsera-juste-un-clou-tamano-pequeno-oro-amarillo.avif",600,600,false],"woocommerce_gallery_thumbnail":["https:\/\/dubai18k.com\/wp-content\/uploads\/2024\/10\/2059323.png.scale_.600.high_.pulsera-juste-un-clou-tamano-pequeno-oro-amarillo-100x100.avif",100,100,true]},"uagb_author_info":{"display_name":"sergioasbeca@icloud.com","author_link":"https:\/\/dubai18k.com\/espanol\/author\/"},"uagb_comment_info":4,"uagb_excerpt":"Juste un Clou bracelet, small size, 750\/1000 yellow gold. Width: 2.5mm. Please note that the carat weight, number of stones and dimensions of the product may vary depending on the size of the creation ordered.\u00a0Contact us for more information. .","_links":{"self":[{"href":"https:\/\/dubai18k.com\/espanol\/wp-json\/wp\/v2\/product\/2991"}],"collection":[{"href":"https:\/\/dubai18k.com\/espanol\/wp-json\/wp\/v2\/product"}],"about":[{"href":"https:\/\/dubai18k.com\/espanol\/wp-json\/wp\/v2\/types\/product"}],"replies":[{"embeddable":true,"href":"https:\/\/dubai18k.com\/espanol\/wp-json\/wp\/v2\/comments?post=2991"}],"wp:featuredmedia":[{"embeddable":true,"href":"https:\/\/dubai18k.com\/espanol\/wp-json\/wp\/v2\/media\/2999"}],"wp:attachment":[{"href":"https:\/\/dubai18k.com\/espanol\/wp-json\/wp\/v2\/media?parent=2991"}],"wp:term":[{"taxonomy":"product_cat","embeddable":true,"href":"https:\/\/dubai18k.com\/espanol\/wp-json\/wp\/v2\/product_cat?post=2991"},{"taxonomy":"product_tag","embeddable":true,"href":"https:\/\/dubai18k.com\/espanol\/wp-json\/wp\/v2\/product_tag?post=2991"}],"curies":[{"name":"wp","href":"https:\/\/api.w.org\/{rel}","templated":true}]}}