{"id":2615,"date":"2024-10-24T01:50:16","date_gmt":"2024-10-24T01:50:16","guid":{"rendered":"https:\/\/dubai18k.com\/?post_type=product&#038;p=2615"},"modified":"2024-11-06T12:44:04","modified_gmt":"2024-11-06T12:44:04","slug":"pulsera-love-tamano-pequeno-oro-amarillo-cartier","status":"publish","type":"product","link":"https:\/\/dubai18k.com\/espanol\/producto\/pulsera-love-tamano-pequeno-oro-amarillo-cartier\/","title":{"rendered":"Pulsera Love, tama\u00f1o peque\u00f1o | Oro amarillo | Cartier"},"content":{"rendered":"<p>Pulsera del amor, tama\u00f1o peque\u00f1o, oro amarillo 750\/1000. Incluye el destornillador. Ancho: 3,65 mm (para talla 17). Cartier contin\u00faa la historia del brazalete Love con una versi\u00f3n m\u00e1s fina. Mismo dise\u00f1o, misma forma ovalada y misma historia, pero en una versi\u00f3n m\u00e1s delgada: una creaci\u00f3n atemporal que se cierra con la ayuda de un destornillador. El sistema de cierre consiste en un tornillo funcional en un lado de la pulsera y una bisagra en el otro. Para determinar la talla de su pulsera Love, mida su mu\u00f1eca y a\u00f1ada un cent\u00edmetro a su talla para un ajuste ce\u00f1ido o dos cent\u00edmetros para un ajuste m\u00e1s holgado.<\/p>","protected":false},"excerpt":{"rendered":"<p>Love bracelet, small size, 750\/1000 yellow gold. Includes the screwdriver. Width: 3.65mm (for size 17). Cartier continues the story of the Love bracelet with a thinner version. Same design, same oval shape and same story, but in a slimmer version: a timeless creation that closes with the help of a screwdriver. The closure system consists [&hellip;]<\/p>","protected":false},"featured_media":2624,"comment_status":"open","ping_status":"closed","template":"","meta":{"_uag_custom_page_level_css":"","site-sidebar-layout":"default","site-content-layout":"","ast-site-content-layout":"default","site-content-style":"default","site-sidebar-style":"default","ast-global-header-display":"","ast-banner-title-visibility":"","ast-main-header-display":"","ast-hfb-above-header-display":"","ast-hfb-below-header-display":"","ast-hfb-mobile-header-display":"","site-post-title":"","ast-breadcrumbs-content":"","ast-featured-img":"","footer-sml-layout":"","theme-transparent-header-meta":"default","adv-header-id-meta":"","stick-header-meta":"","header-above-stick-meta":"","header-main-stick-meta":"","header-below-stick-meta":"","astra-migrate-meta-layouts":"set","ast-page-background-enabled":"default","ast-page-background-meta":{"desktop":{"background-color":"","background-image":"","background-repeat":"repeat","background-position":"center center","background-size":"auto","background-attachment":"scroll","background-type":"","background-media":"","overlay-type":"","overlay-color":"","overlay-opacity":"","overlay-gradient":""},"tablet":{"background-color":"","background-image":"","background-repeat":"repeat","background-position":"center center","background-size":"auto","background-attachment":"scroll","background-type":"","background-media":"","overlay-type":"","overlay-color":"","overlay-opacity":"","overlay-gradient":""},"mobile":{"background-color":"","background-image":"","background-repeat":"repeat","background-position":"center center","background-size":"auto","background-attachment":"scroll","background-type":"","background-media":"","overlay-type":"","overlay-color":"","overlay-opacity":"","overlay-gradient":""}},"ast-content-background-meta":{"desktop":{"background-color":"var(--ast-global-color-5)","background-image":"","background-repeat":"repeat","background-position":"center center","background-size":"auto","background-attachment":"scroll","background-type":"","background-media":"","overlay-type":"","overlay-color":"","overlay-opacity":"","overlay-gradient":""},"tablet":{"background-color":"var(--ast-global-color-5)","background-image":"","background-repeat":"repeat","background-position":"center center","background-size":"auto","background-attachment":"scroll","background-type":"","background-media":"","overlay-type":"","overlay-color":"","overlay-opacity":"","overlay-gradient":""},"mobile":{"background-color":"var(--ast-global-color-5)","background-image":"","background-repeat":"repeat","background-position":"center center","background-size":"auto","background-attachment":"scroll","background-type":"","background-media":"","overlay-type":"","overlay-color":"","overlay-opacity":"","overlay-gradient":""}}},"product_cat":[37,41,42],"product_tag":[],"class_list":{"0":"post-2615","1":"product","2":"type-product","3":"status-publish","4":"has-post-thumbnail","6":"product_cat-all-accessories","7":"product_cat-cartier","8":"product_cat-pulseras-cartier","9":"desktop-align-left","10":"tablet-align-left","11":"mobile-align-left","13":"first","14":"instock","15":"sale","16":"shipping-taxable","17":"purchasable","18":"product-type-variable"},"aioseo_notices":[],"uagb_featured_image_src":{"full":["https:\/\/dubai18k.com\/wp-content\/uploads\/2024\/10\/2059319.png.scale_.600.high_.pulsera-love-tamano-pequeno-oro-amarillo-1.avif",600,600,false],"thumbnail":["https:\/\/dubai18k.com\/wp-content\/uploads\/2024\/10\/2059319.png.scale_.600.high_.pulsera-love-tamano-pequeno-oro-amarillo-1-150x150.avif",150,150,true],"medium":["https:\/\/dubai18k.com\/wp-content\/uploads\/2024\/10\/2059319.png.scale_.600.high_.pulsera-love-tamano-pequeno-oro-amarillo-1-300x300.avif",300,300,true],"medium_large":["https:\/\/dubai18k.com\/wp-content\/uploads\/2024\/10\/2059319.png.scale_.600.high_.pulsera-love-tamano-pequeno-oro-amarillo-1.avif",600,600,false],"large":["https:\/\/dubai18k.com\/wp-content\/uploads\/2024\/10\/2059319.png.scale_.600.high_.pulsera-love-tamano-pequeno-oro-amarillo-1.avif",600,600,false],"1536x1536":["https:\/\/dubai18k.com\/wp-content\/uploads\/2024\/10\/2059319.png.scale_.600.high_.pulsera-love-tamano-pequeno-oro-amarillo-1.avif",600,600,false],"2048x2048":["https:\/\/dubai18k.com\/wp-content\/uploads\/2024\/10\/2059319.png.scale_.600.high_.pulsera-love-tamano-pequeno-oro-amarillo-1.avif",600,600,false],"trp-custom-language-flag":["https:\/\/dubai18k.com\/wp-content\/uploads\/2024\/10\/2059319.png.scale_.600.high_.pulsera-love-tamano-pequeno-oro-amarillo-1.avif",12,12,false],"woocommerce_thumbnail":["https:\/\/dubai18k.com\/wp-content\/uploads\/2024\/10\/2059319.png.scale_.600.high_.pulsera-love-tamano-pequeno-oro-amarillo-1-300x300.avif",300,300,true],"woocommerce_single":["https:\/\/dubai18k.com\/wp-content\/uploads\/2024\/10\/2059319.png.scale_.600.high_.pulsera-love-tamano-pequeno-oro-amarillo-1.avif",600,600,false],"woocommerce_gallery_thumbnail":["https:\/\/dubai18k.com\/wp-content\/uploads\/2024\/10\/2059319.png.scale_.600.high_.pulsera-love-tamano-pequeno-oro-amarillo-1-100x100.avif",100,100,true]},"uagb_author_info":{"display_name":"sergioasbeca@icloud.com","author_link":"https:\/\/dubai18k.com\/espanol\/author\/"},"uagb_comment_info":0,"uagb_excerpt":"Love bracelet, small size, 750\/1000 yellow gold. Includes the screwdriver. Width: 3.65mm (for size 17). Cartier continues the story of the Love bracelet with a thinner version. Same design, same oval shape and same story, but in a slimmer version: a timeless creation that closes with the help of a screwdriver. The closure system consists&hellip;","_links":{"self":[{"href":"https:\/\/dubai18k.com\/espanol\/wp-json\/wp\/v2\/product\/2615"}],"collection":[{"href":"https:\/\/dubai18k.com\/espanol\/wp-json\/wp\/v2\/product"}],"about":[{"href":"https:\/\/dubai18k.com\/espanol\/wp-json\/wp\/v2\/types\/product"}],"replies":[{"embeddable":true,"href":"https:\/\/dubai18k.com\/espanol\/wp-json\/wp\/v2\/comments?post=2615"}],"wp:featuredmedia":[{"embeddable":true,"href":"https:\/\/dubai18k.com\/espanol\/wp-json\/wp\/v2\/media\/2624"}],"wp:attachment":[{"href":"https:\/\/dubai18k.com\/espanol\/wp-json\/wp\/v2\/media?parent=2615"}],"wp:term":[{"taxonomy":"product_cat","embeddable":true,"href":"https:\/\/dubai18k.com\/espanol\/wp-json\/wp\/v2\/product_cat?post=2615"},{"taxonomy":"product_tag","embeddable":true,"href":"https:\/\/dubai18k.com\/espanol\/wp-json\/wp\/v2\/product_tag?post=2615"}],"curies":[{"name":"wp","href":"https:\/\/api.w.org\/{rel}","templated":true}]}}