{"id":2644,"date":"2024-10-24T03:58:19","date_gmt":"2024-10-24T03:58:19","guid":{"rendered":"https:\/\/dubai18k.com\/?post_type=product&#038;p=2644"},"modified":"2024-11-05T21:57:26","modified_gmt":"2024-11-05T21:57:26","slug":"pulsera-love-tamano-pequeno-6-diamantes-oro-amarillo-diamantes-cartier","status":"publish","type":"product","link":"https:\/\/dubai18k.com\/deutsch\/produkt\/pulsera-love-tamano-pequeno-6-diamantes-oro-amarillo-diamantes-cartier\/","title":{"rendered":"Pulsera Love, kleine Gr\u00f6\u00dfe, 6 Diamanten | Oro amarillo, Diamanten | Cartier"},"content":{"rendered":"<p>Liebesarmband, kleine Gr\u00f6\u00dfe, 750\/1000 Gelbgold, besetzt mit 6 Diamanten von insgesamt 0,15 Karat. Inklusive Schraubendreher. Breite: 3,65 mm. Dicke: 2,05 mm (f\u00fcr Gr\u00f6\u00dfe 17). Cartier setzt die Geschichte des Armbands Love mit einer schlankeren Version fort. Dasselbe Design, dieselbe ovale Form und dieselbe Geschichte, aber in einer schlankeren Version: eine zeitlose Kreation, die sich mit Hilfe eines Schraubendrehers schlie\u00dfen l\u00e4sst. Das Verschlusssystem besteht aus einer funktionellen Schraube auf einer Seite des Armbands und einem Scharnier auf der anderen. Um die Gr\u00f6\u00dfe Ihres Love-Armbandes zu bestimmen, messen Sie Ihr Handgelenk und addieren Sie einen Zentimeter zu Ihrer Gr\u00f6\u00dfe hinzu, um eine enge Passform zu erhalten, oder zwei Zentimeter, um eine lockerere Passform zu erhalten.<\/p>","protected":false},"excerpt":{"rendered":"<p>Love bracelet, small size, 750\/1000 yellow gold, set with 6 diamonds totaling 0.15 carats. Includes the screwdriver. Width: 3.65mm. Thickness: 2.05 mm (for size 17). Cartier continues the story of the Love bracelet with a thinner version. Same design, same oval shape and same story, but in a slimmer version: a timeless creation that closes [&hellip;]<\/p>","protected":false},"featured_media":2650,"comment_status":"open","ping_status":"closed","template":"","meta":{"_uag_custom_page_level_css":"","site-sidebar-layout":"default","site-content-layout":"","ast-site-content-layout":"default","site-content-style":"default","site-sidebar-style":"default","ast-global-header-display":"","ast-banner-title-visibility":"","ast-main-header-display":"","ast-hfb-above-header-display":"","ast-hfb-below-header-display":"","ast-hfb-mobile-header-display":"","site-post-title":"","ast-breadcrumbs-content":"","ast-featured-img":"","footer-sml-layout":"","theme-transparent-header-meta":"default","adv-header-id-meta":"","stick-header-meta":"","header-above-stick-meta":"","header-main-stick-meta":"","header-below-stick-meta":"","astra-migrate-meta-layouts":"set","ast-page-background-enabled":"default","ast-page-background-meta":{"desktop":{"background-color":"","background-image":"","background-repeat":"repeat","background-position":"center center","background-size":"auto","background-attachment":"scroll","background-type":"","background-media":"","overlay-type":"","overlay-color":"","overlay-opacity":"","overlay-gradient":""},"tablet":{"background-color":"","background-image":"","background-repeat":"repeat","background-position":"center center","background-size":"auto","background-attachment":"scroll","background-type":"","background-media":"","overlay-type":"","overlay-color":"","overlay-opacity":"","overlay-gradient":""},"mobile":{"background-color":"","background-image":"","background-repeat":"repeat","background-position":"center center","background-size":"auto","background-attachment":"scroll","background-type":"","background-media":"","overlay-type":"","overlay-color":"","overlay-opacity":"","overlay-gradient":""}},"ast-content-background-meta":{"desktop":{"background-color":"var(--ast-global-color-5)","background-image":"","background-repeat":"repeat","background-position":"center center","background-size":"auto","background-attachment":"scroll","background-type":"","background-media":"","overlay-type":"","overlay-color":"","overlay-opacity":"","overlay-gradient":""},"tablet":{"background-color":"var(--ast-global-color-5)","background-image":"","background-repeat":"repeat","background-position":"center center","background-size":"auto","background-attachment":"scroll","background-type":"","background-media":"","overlay-type":"","overlay-color":"","overlay-opacity":"","overlay-gradient":""},"mobile":{"background-color":"var(--ast-global-color-5)","background-image":"","background-repeat":"repeat","background-position":"center center","background-size":"auto","background-attachment":"scroll","background-type":"","background-media":"","overlay-type":"","overlay-color":"","overlay-opacity":"","overlay-gradient":""}}},"product_cat":[37,41,42],"product_tag":[],"class_list":{"0":"post-2644","1":"product","2":"type-product","3":"status-publish","4":"has-post-thumbnail","6":"product_cat-all-accessories","7":"product_cat-cartier","8":"product_cat-pulseras-cartier","9":"desktop-align-left","10":"tablet-align-left","11":"mobile-align-left","13":"first","14":"instock","15":"sale","16":"shipping-taxable","17":"purchasable","18":"product-type-variable"},"aioseo_notices":[],"uagb_featured_image_src":{"full":["https:\/\/dubai18k.com\/wp-content\/uploads\/2024\/10\/2116921.png.scale_.600.high_.pulsera-love-tamano-pequeno-6-diamantes-oro-amarillo.avif",600,600,false],"thumbnail":["https:\/\/dubai18k.com\/wp-content\/uploads\/2024\/10\/2116921.png.scale_.600.high_.pulsera-love-tamano-pequeno-6-diamantes-oro-amarillo-150x150.avif",150,150,true],"medium":["https:\/\/dubai18k.com\/wp-content\/uploads\/2024\/10\/2116921.png.scale_.600.high_.pulsera-love-tamano-pequeno-6-diamantes-oro-amarillo-300x300.avif",300,300,true],"medium_large":["https:\/\/dubai18k.com\/wp-content\/uploads\/2024\/10\/2116921.png.scale_.600.high_.pulsera-love-tamano-pequeno-6-diamantes-oro-amarillo.avif",600,600,false],"large":["https:\/\/dubai18k.com\/wp-content\/uploads\/2024\/10\/2116921.png.scale_.600.high_.pulsera-love-tamano-pequeno-6-diamantes-oro-amarillo.avif",600,600,false],"1536x1536":["https:\/\/dubai18k.com\/wp-content\/uploads\/2024\/10\/2116921.png.scale_.600.high_.pulsera-love-tamano-pequeno-6-diamantes-oro-amarillo.avif",600,600,false],"2048x2048":["https:\/\/dubai18k.com\/wp-content\/uploads\/2024\/10\/2116921.png.scale_.600.high_.pulsera-love-tamano-pequeno-6-diamantes-oro-amarillo.avif",600,600,false],"trp-custom-language-flag":["https:\/\/dubai18k.com\/wp-content\/uploads\/2024\/10\/2116921.png.scale_.600.high_.pulsera-love-tamano-pequeno-6-diamantes-oro-amarillo.avif",12,12,false],"woocommerce_thumbnail":["https:\/\/dubai18k.com\/wp-content\/uploads\/2024\/10\/2116921.png.scale_.600.high_.pulsera-love-tamano-pequeno-6-diamantes-oro-amarillo-300x300.avif",300,300,true],"woocommerce_single":["https:\/\/dubai18k.com\/wp-content\/uploads\/2024\/10\/2116921.png.scale_.600.high_.pulsera-love-tamano-pequeno-6-diamantes-oro-amarillo.avif",600,600,false],"woocommerce_gallery_thumbnail":["https:\/\/dubai18k.com\/wp-content\/uploads\/2024\/10\/2116921.png.scale_.600.high_.pulsera-love-tamano-pequeno-6-diamantes-oro-amarillo-100x100.avif",100,100,true]},"uagb_author_info":{"display_name":"sergioasbeca@icloud.com","author_link":"https:\/\/dubai18k.com\/deutsch\/author\/"},"uagb_comment_info":0,"uagb_excerpt":"Love bracelet, small size, 750\/1000 yellow gold, set with 6 diamonds totaling 0.15 carats. Includes the screwdriver. Width: 3.65mm. Thickness: 2.05 mm (for size 17). Cartier continues the story of the Love bracelet with a thinner version. Same design, same oval shape and same story, but in a slimmer version: a timeless creation that closes&hellip;","_links":{"self":[{"href":"https:\/\/dubai18k.com\/deutsch\/wp-json\/wp\/v2\/product\/2644"}],"collection":[{"href":"https:\/\/dubai18k.com\/deutsch\/wp-json\/wp\/v2\/product"}],"about":[{"href":"https:\/\/dubai18k.com\/deutsch\/wp-json\/wp\/v2\/types\/product"}],"replies":[{"embeddable":true,"href":"https:\/\/dubai18k.com\/deutsch\/wp-json\/wp\/v2\/comments?post=2644"}],"wp:featuredmedia":[{"embeddable":true,"href":"https:\/\/dubai18k.com\/deutsch\/wp-json\/wp\/v2\/media\/2650"}],"wp:attachment":[{"href":"https:\/\/dubai18k.com\/deutsch\/wp-json\/wp\/v2\/media?parent=2644"}],"wp:term":[{"taxonomy":"product_cat","embeddable":true,"href":"https:\/\/dubai18k.com\/deutsch\/wp-json\/wp\/v2\/product_cat?post=2644"},{"taxonomy":"product_tag","embeddable":true,"href":"https:\/\/dubai18k.com\/deutsch\/wp-json\/wp\/v2\/product_tag?post=2644"}],"curies":[{"name":"wp","href":"https:\/\/api.w.org\/{rel}","templated":true}]}}